{"id":681,"date":"2017-12-25T21:22:20","date_gmt":"2017-12-25T19:22:20","guid":{"rendered":"http:\/\/www.sopusointu.fi\/wordpress\/?page_id=681"},"modified":"2026-04-09T18:07:53","modified_gmt":"2026-04-09T15:07:53","slug":"ajanvaraus","status":"publish","type":"page","link":"https:\/\/www.sopusointu.fi\/wordpress\/ajanvaraus\/","title":{"rendered":"Tapahtumat"},"content":{"rendered":"\n<div class=\"wp-block-media-text alignwide is-stacked-on-mobile is-vertically-aligned-top\"><figure class=\"wp-block-media-text__media\"><img decoding=\"async\" loading=\"lazy\" width=\"576\" height=\"1024\" src=\"https:\/\/www.sopusointu.fi\/wordpress\/wp-content\/uploads\/2026\/04\/95558142-d150-4a4a-bb31-2c3a478242e3-1-576x1024.jpg\" alt=\"\" class=\"wp-image-1219 size-full\" srcset=\"https:\/\/www.sopusointu.fi\/wordpress\/wp-content\/uploads\/2026\/04\/95558142-d150-4a4a-bb31-2c3a478242e3-1-576x1024.jpg 576w, https:\/\/www.sopusointu.fi\/wordpress\/wp-content\/uploads\/2026\/04\/95558142-d150-4a4a-bb31-2c3a478242e3-1-169x300.jpg 169w, https:\/\/www.sopusointu.fi\/wordpress\/wp-content\/uploads\/2026\/04\/95558142-d150-4a4a-bb31-2c3a478242e3-1-768x1365.jpg 768w, https:\/\/www.sopusointu.fi\/wordpress\/wp-content\/uploads\/2026\/04\/95558142-d150-4a4a-bb31-2c3a478242e3-1-864x1536.jpg 864w, https:\/\/www.sopusointu.fi\/wordpress\/wp-content\/uploads\/2026\/04\/95558142-d150-4a4a-bb31-2c3a478242e3-1.jpg 1080w\" sizes=\"(max-width: 576px) 100vw, 576px\" \/><\/figure><div class=\"wp-block-media-text__content\">\n<p>TULE HEMMOTELTAVAKSI&nbsp;<img decoding=\"async\" loading=\"lazy\" height=\"16\" width=\"16\" src=\"https:\/\/static.xx.fbcdn.net\/images\/emoji.php\/v9\/t6a\/1\/16\/1f497.png\" alt=\"\ud83d\udc97\">&nbsp;yksin tai yhdess\u00e4 &#8211;<img decoding=\"async\" loading=\"lazy\" height=\"16\" width=\"16\" src=\"https:\/\/static.xx.fbcdn.net\/images\/emoji.php\/v9\/t71\/1\/16\/1f339.png\" alt=\"\ud83c\udf39\"><\/p>\n\n\n\n<p><strong>Iltap\u00e4iv\u00e4n kulku:<\/strong><br>~ suloinen yrttijalkakylpy ja ohjattu veden puhdistava voima rentoutus<br>~ j\u00e4\u00e4teet\u00e4<br>~ jalkaterien hieronta ja akupisteiden painelu makuulla<br>~ Yin jooga<br>~ \u00c4\u00e4nimaljat<br>~ Illan p\u00e4\u00e4tteeksi saat mukaasi kev\u00e4isen hemmottelulahjan, jonka sis\u00e4lt\u00f6 on koottu rakkaudella paikallisten hyvinvointiyritt\u00e4jien tuotteista.\u00a0<img decoding=\"async\" loading=\"lazy\" height=\"16\" width=\"16\" src=\"https:\/\/static.xx.fbcdn.net\/images\/emoji.php\/v9\/taf\/1\/16\/1f6cd.png\" alt=\"\ud83d\udecd\"><img decoding=\"async\" loading=\"lazy\" height=\"16\" width=\"16\" src=\"https:\/\/static.xx.fbcdn.net\/images\/emoji.php\/v9\/t6a\/1\/16\/1f497.png\" alt=\"\ud83d\udc97\"><\/p>\n\n\n\n<p>Ohjaajina kokeneet Joogaopettaja Sari Marita Ik\u00e4heimo, SopuSointu hyvinvointipalvelut sek\u00e4 \u00e4\u00e4nimaljaohjaaja Jenni K\u00e4rki, Valona Hyvinvoinnin hetket.<\/p>\n\n\n\n<p><strong>Hinta: 60\u20ac<\/strong><\/p>\n\n\n\n<p><strong>Sitovat paikan varaukset 1.5 to menness\u00e4<\/strong>, jonka j\u00e4lkeen voi viel\u00e4 kysell\u00e4 tilaa.<\/p>\n\n\n\n<p>Ilmoittautumiset:<br>\u25aa\ufe0e\u00a0Sari Maritalle: info@sopusointu.fi tai<\/p>\n\n\n\n<p>Ilmoitathan nimesi ja puhelinnumerosi paikan varauksen yhteydess\u00e4.<\/p>\n\n\n\n<p>Ryhm\u00e4 toteutuu 8 hl\u00f6ll\u00e4<\/p>\n\n\n\n<p>Olet l\u00e4mpim\u00e4sti tervetullut !<\/p>\n<\/div><\/div>\n","protected":false},"excerpt":{"rendered":"<p>TULE HEMMOTELTAVAKSI&nbsp;&nbsp;yksin tai yhdess\u00e4 &#8211; Iltap\u00e4iv\u00e4n kulku:~ suloinen yrttijalkakylpy ja ohjattu veden puhdistava voima rentoutus~ j\u00e4\u00e4teet\u00e4~ jalkaterien hieronta ja akupisteiden painelu makuulla~ Yin jooga~ \u00c4\u00e4nimaljat~ Illan p\u00e4\u00e4tteeksi saat mukaasi kev\u00e4isen hemmottelulahjan, jonka sis\u00e4lt\u00f6 on koottu rakkaudella paikallisten hyvinvointiyritt\u00e4jien tuotteista.\u00a0 Ohjaajina kokeneet Joogaopettaja Sari Marita Ik\u00e4heimo, SopuSointu hyvinvointipalvelut sek\u00e4 \u00e4\u00e4nimaljaohjaaja Jenni [&hellip;]<\/p>\n","protected":false},"author":1,"featured_media":0,"parent":0,"menu_order":0,"comment_status":"closed","ping_status":"closed","template":"","meta":[],"_links":{"self":[{"href":"https:\/\/www.sopusointu.fi\/wordpress\/wp-json\/wp\/v2\/pages\/681"}],"collection":[{"href":"https:\/\/www.sopusointu.fi\/wordpress\/wp-json\/wp\/v2\/pages"}],"about":[{"href":"https:\/\/www.sopusointu.fi\/wordpress\/wp-json\/wp\/v2\/types\/page"}],"author":[{"embeddable":true,"href":"https:\/\/www.sopusointu.fi\/wordpress\/wp-json\/wp\/v2\/users\/1"}],"replies":[{"embeddable":true,"href":"https:\/\/www.sopusointu.fi\/wordpress\/wp-json\/wp\/v2\/comments?post=681"}],"version-history":[{"count":71,"href":"https:\/\/www.sopusointu.fi\/wordpress\/wp-json\/wp\/v2\/pages\/681\/revisions"}],"predecessor-version":[{"id":1222,"href":"https:\/\/www.sopusointu.fi\/wordpress\/wp-json\/wp\/v2\/pages\/681\/revisions\/1222"}],"wp:attachment":[{"href":"https:\/\/www.sopusointu.fi\/wordpress\/wp-json\/wp\/v2\/media?parent=681"}],"curies":[{"name":"wp","href":"https:\/\/api.w.org\/{rel}","templated":true}]}}