{"id":576,"date":"2017-04-03T15:38:54","date_gmt":"2017-04-03T12:38:54","guid":{"rendered":"http:\/\/www.sopusointu.fi\/wordpress\/?page_id=576"},"modified":"2025-02-03T20:35:24","modified_gmt":"2025-02-03T18:35:24","slug":"tarina","status":"publish","type":"page","link":"https:\/\/www.sopusointu.fi\/wordpress\/tarina\/","title":{"rendered":"Tarina"},"content":{"rendered":"<div class=\"wp-block-image\">\n<figure class=\"aligncenter size-full\"><a href=\"http:\/\/www.sopusointu.fi\/wordpress\/wp-content\/uploads\/2023\/09\/SM-Kehys.png\"><img decoding=\"async\" loading=\"lazy\" width=\"300\" height=\"300\" src=\"http:\/\/www.sopusointu.fi\/wordpress\/wp-content\/uploads\/2023\/09\/SM-Kehys.png\" alt=\"\" class=\"wp-image-1054\" srcset=\"https:\/\/www.sopusointu.fi\/wordpress\/wp-content\/uploads\/2023\/09\/SM-Kehys.png 300w, https:\/\/www.sopusointu.fi\/wordpress\/wp-content\/uploads\/2023\/09\/SM-Kehys-150x150.png 150w\" sizes=\"(max-width: 300px) 100vw, 300px\" \/><\/a><\/figure><\/div>\n\n\n<div style=\"height:100px\" aria-hidden=\"true\" class=\"wp-block-spacer\"><\/div>\n\n\n<p style=\"text-align: center;\">Ty\u00f6skentelin 25 vuotta eri sosiaalialan teht\u00e4viss\u00e4, joista viimeiset yhdeks\u00e4n vuotta ennen yritt\u00e4jyytt\u00e4 sosiaali- ja terveydenhuollon kehitt\u00e4misteht\u00e4viss\u00e4. Kasvoin itse ty\u00f6ss\u00e4 uupumisen my\u00f6t\u00e4 kokonaisvaltaisen hyvinvoinnin puolestapuhujaksi. Havaintoni on, ett\u00e4 ty\u00f6n- ja el\u00e4m\u00e4nilo on monilta ihmisilt\u00e4 ja ty\u00f6yhteis\u00f6ilt\u00e4 kadoksissa. Omalta osaltani haluan olla auttamassa l\u00f6yt\u00e4m\u00e4\u00e4n meiss\u00e4 jokaisessa olevat voimavarat ja taidot oman tilanteen parantamiseksi ja kehittym\u00e4\u00e4n parhaimpaan versioon itsest\u00e4 tai organisaatiosta.<\/p>\n<p style=\"text-align: center;\">Keinoinani on auttaa ja tukea ty\u00f6nohjauksen, joogan, kouluttamisen, valmentamisen ja lyhytterapian menetelmin kohti parempaa hyvinvointia ja sen edist\u00e4mist\u00e4 yksil\u00f6llisesti sek\u00e4 ryhmiss\u00e4.<br \/>Olen Suomen ty\u00f6nohjaajat ryn (STOry) koulutussuositusten mukainen ty\u00f6nohjaaja. Toimin my\u00f6s NEPSY-valmentajana ja lyhytterapeuttina, sek\u00e4 kouluttajana ja joogaopettajana.<\/p>\n<p style=\"text-align: center;\">Keskustelen mielell\u00e4ni kanssasi\/kanssanne, mill\u00e4 tavoin voisin olla apuna omissa kysymyksiss\u00e4nne ja tarpeissanne.<\/p>\n\n\n<div style=\"height:100px\" aria-hidden=\"true\" class=\"wp-block-spacer\"><\/div>\n","protected":false},"excerpt":{"rendered":"<p>Ty\u00f6skentelin 25 vuotta eri sosiaalialan teht\u00e4viss\u00e4, joista viimeiset yhdeks\u00e4n vuotta ennen yritt\u00e4jyytt\u00e4 sosiaali- ja terveydenhuollon kehitt\u00e4misteht\u00e4viss\u00e4. Kasvoin itse ty\u00f6ss\u00e4 uupumisen my\u00f6t\u00e4 kokonaisvaltaisen hyvinvoinnin puolestapuhujaksi. Havaintoni on, ett\u00e4 ty\u00f6n- ja el\u00e4m\u00e4nilo on monilta ihmisilt\u00e4 ja ty\u00f6yhteis\u00f6ilt\u00e4 kadoksissa. Omalta osaltani haluan olla auttamassa l\u00f6yt\u00e4m\u00e4\u00e4n meiss\u00e4 jokaisessa olevat voimavarat ja taidot oman tilanteen [&hellip;]<\/p>\n","protected":false},"author":1,"featured_media":0,"parent":0,"menu_order":0,"comment_status":"closed","ping_status":"closed","template":"","meta":[],"_links":{"self":[{"href":"https:\/\/www.sopusointu.fi\/wordpress\/wp-json\/wp\/v2\/pages\/576"}],"collection":[{"href":"https:\/\/www.sopusointu.fi\/wordpress\/wp-json\/wp\/v2\/pages"}],"about":[{"href":"https:\/\/www.sopusointu.fi\/wordpress\/wp-json\/wp\/v2\/types\/page"}],"author":[{"embeddable":true,"href":"https:\/\/www.sopusointu.fi\/wordpress\/wp-json\/wp\/v2\/users\/1"}],"replies":[{"embeddable":true,"href":"https:\/\/www.sopusointu.fi\/wordpress\/wp-json\/wp\/v2\/comments?post=576"}],"version-history":[{"count":25,"href":"https:\/\/www.sopusointu.fi\/wordpress\/wp-json\/wp\/v2\/pages\/576\/revisions"}],"predecessor-version":[{"id":1114,"href":"https:\/\/www.sopusointu.fi\/wordpress\/wp-json\/wp\/v2\/pages\/576\/revisions\/1114"}],"wp:attachment":[{"href":"https:\/\/www.sopusointu.fi\/wordpress\/wp-json\/wp\/v2\/media?parent=576"}],"curies":[{"name":"wp","href":"https:\/\/api.w.org\/{rel}","templated":true}]}}