{"id":48,"date":"2014-11-04T12:38:04","date_gmt":"2014-11-04T10:38:04","guid":{"rendered":"http:\/\/www.sopusointu.fi\/wordpress\/?page_id=48"},"modified":"2022-05-09T11:29:37","modified_gmt":"2022-05-09T08:29:37","slug":"koulutukset","status":"publish","type":"page","link":"https:\/\/www.sopusointu.fi\/wordpress\/palvelut\/koulutukset\/","title":{"rendered":"Koulutukset"},"content":{"rendered":"<p>Koulutukset tai yksitt\u00e4iset luennot voidaan r\u00e4\u00e4t\u00e4l\u00f6id\u00e4 tarpeidenne mukaan hyvinvoinnin ja terveyden edist\u00e4misen, ty\u00f6hyvinvoinnin ja henkisen kasvun alueilta. Koulutukset toteutetaan joko asiakkaan omissa tai SopuSointu Hyvinvointipalveluiden j\u00e4rjest\u00e4miss\u00e4 tiloissa. Koulutuksia voidaan my\u00f6s liitt\u00e4\u00e4 osaksi muuta toimintaa esim. Ty\u00f6hyvinvointip\u00e4ivi\u00e4.<\/p>\n<p><strong>Ehdotettuja teemoja koulutusten sis\u00e4ll\u00f6ksi:<\/strong><\/p>\n<ul>\n<li>Ty\u00f6hyvinvointi osaksi organisaatiojohtamista<\/li>\n<li>Kevenn\u00e4 aivokuormaasi &#8211; \u00a0lis\u00e4\u00e4 ty\u00f6hyvinvointia ja tuottavuutta<\/li>\n<li>Iloa ty\u00f6st\u00e4<\/li>\n<li>Min\u00e4 vuorovaikuttajana<\/li>\n<li>Puheeksi ottamisen kivet ja kannot<\/li>\n<li>L\u00e4sn\u00e4olon voima arjen haasteissa<\/li>\n<li>Tunne ja tunnista tunteet &#8211; Tunnetaidoilla aitoon kohtaamiseen<\/li>\n<\/ul>\n<p><em>Pyyd\u00e4 tarjous!<\/em><\/p>\n<p><img decoding=\"async\" loading=\"lazy\" class=\"aligncenter size-full wp-image-620\" src=\"http:\/\/www.sopusointu.fi\/wordpress\/wp-content\/uploads\/2014\/11\/kes\u00e4kirja.jpg\" alt=\"\" width=\"989\" height=\"480\" srcset=\"https:\/\/www.sopusointu.fi\/wordpress\/wp-content\/uploads\/2014\/11\/kes\u00e4kirja.jpg 989w, https:\/\/www.sopusointu.fi\/wordpress\/wp-content\/uploads\/2014\/11\/kes\u00e4kirja-300x146.jpg 300w, https:\/\/www.sopusointu.fi\/wordpress\/wp-content\/uploads\/2014\/11\/kes\u00e4kirja-768x373.jpg 768w, https:\/\/www.sopusointu.fi\/wordpress\/wp-content\/uploads\/2014\/11\/kes\u00e4kirja-830x403.jpg 830w, https:\/\/www.sopusointu.fi\/wordpress\/wp-content\/uploads\/2014\/11\/kes\u00e4kirja-230x112.jpg 230w, https:\/\/www.sopusointu.fi\/wordpress\/wp-content\/uploads\/2014\/11\/kes\u00e4kirja-350x170.jpg 350w, https:\/\/www.sopusointu.fi\/wordpress\/wp-content\/uploads\/2014\/11\/kes\u00e4kirja-480x233.jpg 480w\" sizes=\"(max-width: 989px) 100vw, 989px\" \/><\/p>\n","protected":false},"excerpt":{"rendered":"<p>Koulutukset tai yksitt\u00e4iset luennot voidaan r\u00e4\u00e4t\u00e4l\u00f6id\u00e4 tarpeidenne mukaan hyvinvoinnin ja terveyden edist\u00e4misen, ty\u00f6hyvinvoinnin ja henkisen kasvun alueilta. Koulutukset toteutetaan joko asiakkaan omissa tai SopuSointu Hyvinvointipalveluiden j\u00e4rjest\u00e4miss\u00e4 tiloissa. Koulutuksia voidaan my\u00f6s liitt\u00e4\u00e4 osaksi muuta toimintaa esim. Ty\u00f6hyvinvointip\u00e4ivi\u00e4. Ehdotettuja teemoja koulutusten sis\u00e4ll\u00f6ksi: Ty\u00f6hyvinvointi osaksi organisaatiojohtamista Kevenn\u00e4 aivokuormaasi &#8211; \u00a0lis\u00e4\u00e4 ty\u00f6hyvinvointia ja tuottavuutta [&hellip;]<\/p>\n","protected":false},"author":1,"featured_media":0,"parent":44,"menu_order":4,"comment_status":"closed","ping_status":"closed","template":"","meta":[],"_links":{"self":[{"href":"https:\/\/www.sopusointu.fi\/wordpress\/wp-json\/wp\/v2\/pages\/48"}],"collection":[{"href":"https:\/\/www.sopusointu.fi\/wordpress\/wp-json\/wp\/v2\/pages"}],"about":[{"href":"https:\/\/www.sopusointu.fi\/wordpress\/wp-json\/wp\/v2\/types\/page"}],"author":[{"embeddable":true,"href":"https:\/\/www.sopusointu.fi\/wordpress\/wp-json\/wp\/v2\/users\/1"}],"replies":[{"embeddable":true,"href":"https:\/\/www.sopusointu.fi\/wordpress\/wp-json\/wp\/v2\/comments?post=48"}],"version-history":[{"count":16,"href":"https:\/\/www.sopusointu.fi\/wordpress\/wp-json\/wp\/v2\/pages\/48\/revisions"}],"predecessor-version":[{"id":991,"href":"https:\/\/www.sopusointu.fi\/wordpress\/wp-json\/wp\/v2\/pages\/48\/revisions\/991"}],"up":[{"embeddable":true,"href":"https:\/\/www.sopusointu.fi\/wordpress\/wp-json\/wp\/v2\/pages\/44"}],"wp:attachment":[{"href":"https:\/\/www.sopusointu.fi\/wordpress\/wp-json\/wp\/v2\/media?parent=48"}],"curies":[{"name":"wp","href":"https:\/\/api.w.org\/{rel}","templated":true}]}}