{"id":46,"date":"2014-11-04T12:37:51","date_gmt":"2014-11-04T10:37:51","guid":{"rendered":"http:\/\/www.sopusointu.fi\/wordpress\/?page_id=46"},"modified":"2025-02-03T20:19:27","modified_gmt":"2025-02-03T18:19:27","slug":"tyonohjaus","status":"publish","type":"page","link":"https:\/\/www.sopusointu.fi\/wordpress\/palvelut\/tyonohjaus\/","title":{"rendered":"Ty\u00f6nohjaus"},"content":{"rendered":"<h1><\/h1>\n<div>\n<p>Aloittaessasi tai aloittaessanne ty\u00f6nohjauksen, k\u00e4ynnistyy siit\u00e4 prosessi, joka tukee yhdess\u00e4 sovittuja tavoitteita eli mit\u00e4 ty\u00f6nohjauksella tavoitellaan. Ty\u00f6nohjauksessa saat yksin tai yhdess\u00e4 ty\u00f6yhteis\u00f6si kanssa ev\u00e4it\u00e4 ammatilliseen kasvuun ja ty\u00f6yhteis\u00f6nne kehitt\u00e4miseen. Ty\u00f6nohjaus mahdollistaa ty\u00f6n tutkimisen, uudet n\u00e4k\u00f6kulmat ja oivallukset niin ett\u00e4 my\u00f6s ty\u00f6hyvinvointi ja -kykyisyys vahvistuu. Parhaimmillaan ty\u00f6nohjaus lis\u00e4\u00e4 ty\u00f6n laatua, tuottavuutta ja tuloksellisuutta.<\/p>\n<p>Ty\u00f6nohjausmuotojani ovat yksil\u00f6-, ty\u00f6pari-, tiimi-, ty\u00f6yhteis\u00f6-, moniammatillinen ja esimiesty\u00f6n sek\u00e4 ty\u00f6nohjauksen ty\u00f6nohjaus (TOTO).<\/p>\n<p><strong>Hinnat:<\/strong>\u00a0<em>Hintaan vaikuttaa onko kyseess\u00e4 yksil\u00f6-, ryhm\u00e4-, yhteis\u00f6- vai esimiesty\u00f6nohjaus sek\u00e4 ryhm\u00e4n koko. Pyyd\u00e4 tarjous<\/em><em>!<\/em><\/p>\n<p><em>\u00a0<\/em><\/p>\n<p class=\"ecxmsonormal\"><em>\u201d Opimme vuorovaikutustaitoja ja ty\u00f6ilmapiiri parani. Aloimme kiinnitt\u00e4\u00e4 huomiota my\u00f6nteisen palautteen antamiseen toisillemme, asiakkaille, yhteisty\u00f6kumppaneille ja samalla ty\u00f6n tulokset paranivat.\u201d<\/em><br \/>\nJulkisten palveluiden organisaatio<\/p>\n<p class=\"ecxmsonormal\">\u00a0<em>\u201d Sain tarvitsemiani v\u00e4lineit\u00e4 ty\u00f6ni selkiinnytt\u00e4miseksi. Suurin oivallus liittyi itseeni ja nyt pystynkin paremmin keskittym\u00e4\u00e4n oleelliseen.\u201d Yritysmaailman edustaja<\/em><i><\/i><\/p>\n<p class=\"ecxmsonormal\"><em>\u00a0\u201dTy\u00f6nohjaajan avulla l\u00f6ysin sen oleellisimman, mik\u00e4 ty\u00f6ss\u00e4ni kirist\u00e4\u00e4 hermoja ja se ei ollutkaan kiire tai suuri ty\u00f6m\u00e4\u00e4r\u00e4, vaan suunnittelemattomuus. Nyt minulla on keinoja ja v\u00e4lineit\u00e4 tehd\u00e4 ty\u00f6t\u00e4ni rauhallisemmin ja selke\u00e4mmin.\u201d <\/em>j\u00e4rjest\u00f6puolen edustaja<\/p>\n<\/div>\n<p><img decoding=\"async\" loading=\"lazy\" class=\"aligncenter size-full wp-image-621\" src=\"http:\/\/www.sopusointu.fi\/wordpress\/wp-content\/uploads\/2014\/11\/tienviitta-5..png\" alt=\"\" width=\"720\" height=\"480\" srcset=\"https:\/\/www.sopusointu.fi\/wordpress\/wp-content\/uploads\/2014\/11\/tienviitta-5..png 720w, https:\/\/www.sopusointu.fi\/wordpress\/wp-content\/uploads\/2014\/11\/tienviitta-5.-300x200.png 300w, https:\/\/www.sopusointu.fi\/wordpress\/wp-content\/uploads\/2014\/11\/tienviitta-5.-230x153.png 230w, https:\/\/www.sopusointu.fi\/wordpress\/wp-content\/uploads\/2014\/11\/tienviitta-5.-350x233.png 350w, https:\/\/www.sopusointu.fi\/wordpress\/wp-content\/uploads\/2014\/11\/tienviitta-5.-480x320.png 480w, https:\/\/www.sopusointu.fi\/wordpress\/wp-content\/uploads\/2014\/11\/tienviitta-5.-272x182.png 272w\" sizes=\"(max-width: 720px) 100vw, 720px\" \/><\/p>\n","protected":false},"excerpt":{"rendered":"<p>Aloittaessasi tai aloittaessanne ty\u00f6nohjauksen, k\u00e4ynnistyy siit\u00e4 prosessi, joka tukee yhdess\u00e4 sovittuja tavoitteita eli mit\u00e4 ty\u00f6nohjauksella tavoitellaan. Ty\u00f6nohjauksessa saat yksin tai yhdess\u00e4 ty\u00f6yhteis\u00f6si kanssa ev\u00e4it\u00e4 ammatilliseen kasvuun ja ty\u00f6yhteis\u00f6nne kehitt\u00e4miseen. Ty\u00f6nohjaus mahdollistaa ty\u00f6n tutkimisen, uudet n\u00e4k\u00f6kulmat ja oivallukset niin ett\u00e4 my\u00f6s ty\u00f6hyvinvointi ja -kykyisyys vahvistuu. Parhaimmillaan ty\u00f6nohjaus lis\u00e4\u00e4 ty\u00f6n laatua, tuottavuutta [&hellip;]<\/p>\n","protected":false},"author":1,"featured_media":0,"parent":44,"menu_order":3,"comment_status":"closed","ping_status":"closed","template":"","meta":[],"_links":{"self":[{"href":"https:\/\/www.sopusointu.fi\/wordpress\/wp-json\/wp\/v2\/pages\/46"}],"collection":[{"href":"https:\/\/www.sopusointu.fi\/wordpress\/wp-json\/wp\/v2\/pages"}],"about":[{"href":"https:\/\/www.sopusointu.fi\/wordpress\/wp-json\/wp\/v2\/types\/page"}],"author":[{"embeddable":true,"href":"https:\/\/www.sopusointu.fi\/wordpress\/wp-json\/wp\/v2\/users\/1"}],"replies":[{"embeddable":true,"href":"https:\/\/www.sopusointu.fi\/wordpress\/wp-json\/wp\/v2\/comments?post=46"}],"version-history":[{"count":30,"href":"https:\/\/www.sopusointu.fi\/wordpress\/wp-json\/wp\/v2\/pages\/46\/revisions"}],"predecessor-version":[{"id":1098,"href":"https:\/\/www.sopusointu.fi\/wordpress\/wp-json\/wp\/v2\/pages\/46\/revisions\/1098"}],"up":[{"embeddable":true,"href":"https:\/\/www.sopusointu.fi\/wordpress\/wp-json\/wp\/v2\/pages\/44"}],"wp:attachment":[{"href":"https:\/\/www.sopusointu.fi\/wordpress\/wp-json\/wp\/v2\/media?parent=46"}],"curies":[{"name":"wp","href":"https:\/\/api.w.org\/{rel}","templated":true}]}}