{"id":449,"date":"2017-01-21T17:25:51","date_gmt":"2017-01-21T15:25:51","guid":{"rendered":"http:\/\/www.sopusointu.fi\/wordpress\/?page_id=449"},"modified":"2025-05-25T12:10:57","modified_gmt":"2025-05-25T09:10:57","slug":"etusivu","status":"publish","type":"page","link":"https:\/\/www.sopusointu.fi\/wordpress\/","title":{"rendered":"Etusivu"},"content":{"rendered":"<div class=\"wp-block-image\">\n<figure class=\"aligncenter size-large is-resized\"><a href=\"http:\/\/www.sopusointu.fi\/wordpress\/wp-content\/uploads\/2022\/12\/cropped-cropped-cropped-sopusointu_logo-UUSI-1-e1675016126985.png\"><img decoding=\"async\" loading=\"lazy\" src=\"http:\/\/www.sopusointu.fi\/wordpress\/wp-content\/uploads\/2022\/12\/cropped-cropped-cropped-sopusointu_logo-UUSI-1-e1675016126985-1024x683.png\" alt=\"\" class=\"wp-image-1038\" width=\"256\" height=\"171\" srcset=\"https:\/\/www.sopusointu.fi\/wordpress\/wp-content\/uploads\/2022\/12\/cropped-cropped-cropped-sopusointu_logo-UUSI-1-e1675016126985-1024x683.png 1024w, https:\/\/www.sopusointu.fi\/wordpress\/wp-content\/uploads\/2022\/12\/cropped-cropped-cropped-sopusointu_logo-UUSI-1-e1675016126985-300x200.png 300w, https:\/\/www.sopusointu.fi\/wordpress\/wp-content\/uploads\/2022\/12\/cropped-cropped-cropped-sopusointu_logo-UUSI-1-e1675016126985-768x512.png 768w, https:\/\/www.sopusointu.fi\/wordpress\/wp-content\/uploads\/2022\/12\/cropped-cropped-cropped-sopusointu_logo-UUSI-1-e1675016126985-1536x1025.png 1536w, https:\/\/www.sopusointu.fi\/wordpress\/wp-content\/uploads\/2022\/12\/cropped-cropped-cropped-sopusointu_logo-UUSI-1-e1675016126985-2048x1366.png 2048w, https:\/\/www.sopusointu.fi\/wordpress\/wp-content\/uploads\/2022\/12\/cropped-cropped-cropped-sopusointu_logo-UUSI-1-e1675016126985-360x240.png 360w\" sizes=\"(max-width: 256px) 100vw, 256px\" \/><\/a><\/figure><\/div>\n\n\n<div style=\"height:100px\" aria-hidden=\"true\" class=\"wp-block-spacer\"><\/div>\n\n\n\n<p class=\"has-text-align-center\"><span class=\"Apple-style-span\">\u201dSopuSoinnussa itsens\u00e4 kanssa.<br><\/span>Soinnussa luonnon kanssa.<\/p>\n\n\n\n<p class=\"has-text-align-center\"><span class=\"text_exposed_show\">Sopusointua el\u00e4m\u00e4n<br>Poluilla.<\/span><\/p>\n\n\n\n<p class=\"has-text-align-center\">Perhosten siivin lentoa,<br>My\u00f6t\u00e4tuulen tuntua.<\/p>\n\n\n\n<p class=\"has-text-align-center\">Hymyss\u00e4 el\u00e4m\u00e4n<br>valoa,<br>Syd\u00e4mess\u00e4 innostuksen Paloa.<\/p>\n\n\n\n<p class=\"has-text-align-center\">N\u00e4e, koe el\u00e4m\u00e4n<br>Riemu juuri sellaisena kuin se<br>t\u00e4n\u00e4\u00e4n Sinua puhuttamalla<br>koskettaa.\u201d<\/p>\n\n\n\n<p class=\"has-text-align-center\">\u2013 Markus M\u00e4kel\u00e4 \u2013<\/p>\n","protected":false},"excerpt":{"rendered":"<p>\u201dSopuSoinnussa itsens\u00e4 kanssa.Soinnussa luonnon kanssa. Sopusointua el\u00e4m\u00e4nPoluilla. Perhosten siivin lentoa,My\u00f6t\u00e4tuulen tuntua. Hymyss\u00e4 el\u00e4m\u00e4nvaloa,Syd\u00e4mess\u00e4 innostuksen Paloa. N\u00e4e, koe el\u00e4m\u00e4nRiemu juuri sellaisena kuin set\u00e4n\u00e4\u00e4n Sinua puhuttamallakoskettaa.\u201d \u2013 Markus M\u00e4kel\u00e4 \u2013<\/p>\n","protected":false},"author":1,"featured_media":1008,"parent":0,"menu_order":1,"comment_status":"closed","ping_status":"closed","template":"","meta":[],"_links":{"self":[{"href":"https:\/\/www.sopusointu.fi\/wordpress\/wp-json\/wp\/v2\/pages\/449"}],"collection":[{"href":"https:\/\/www.sopusointu.fi\/wordpress\/wp-json\/wp\/v2\/pages"}],"about":[{"href":"https:\/\/www.sopusointu.fi\/wordpress\/wp-json\/wp\/v2\/types\/page"}],"author":[{"embeddable":true,"href":"https:\/\/www.sopusointu.fi\/wordpress\/wp-json\/wp\/v2\/users\/1"}],"replies":[{"embeddable":true,"href":"https:\/\/www.sopusointu.fi\/wordpress\/wp-json\/wp\/v2\/comments?post=449"}],"version-history":[{"count":5,"href":"https:\/\/www.sopusointu.fi\/wordpress\/wp-json\/wp\/v2\/pages\/449\/revisions"}],"predecessor-version":[{"id":1049,"href":"https:\/\/www.sopusointu.fi\/wordpress\/wp-json\/wp\/v2\/pages\/449\/revisions\/1049"}],"wp:featuredmedia":[{"embeddable":true,"href":"https:\/\/www.sopusointu.fi\/wordpress\/wp-json\/wp\/v2\/media\/1008"}],"wp:attachment":[{"href":"https:\/\/www.sopusointu.fi\/wordpress\/wp-json\/wp\/v2\/media?parent=449"}],"curies":[{"name":"wp","href":"https:\/\/api.w.org\/{rel}","templated":true}]}}