{"id":1099,"date":"2025-02-03T20:24:51","date_gmt":"2025-02-03T18:24:51","guid":{"rendered":"https:\/\/www.sopusointu.fi\/wordpress\/?page_id=1099"},"modified":"2025-02-03T20:35:56","modified_gmt":"2025-02-03T18:35:56","slug":"nepsy-valmennus","status":"publish","type":"page","link":"https:\/\/www.sopusointu.fi\/wordpress\/nepsy-valmennus\/","title":{"rendered":"NEPSY valmennus"},"content":{"rendered":"\n<p><strong>Neuropsykiatrinen (NEPSY) valmennus<\/strong><\/p>\n\n\n\n<p>K\u00c4YP\u00c4 HOITO Duodecim&nbsp;<\/p>\n\n\n\n<ol>\n<li>Ratkaisukeskeinen neuropsykiatrinen valmennus (coaching, ADHD-valmennus) on tukimuoto, jolla pyrit\u00e4\u00e4n vahvistamaan arjen sujuvuutta tilanteissa, joissa neuropsykiatriset oireet ja toiminnanohjauksen vaikeudet aiheuttavat haittaa toimintakyvylle.&nbsp;<br><br><\/li>\n\n\n\n<li>Neuropsykiatrisessa valmennuksessa tavoitteet ja aikataulu sovitaan yhdess\u00e4 asiakkaan kanssa ja menetelm\u00e4t valitaan yksil\u00f6llisesti tavoitteen ja tarpeiden mukaisesti<br>&nbsp;<br>&#8211; Tavoitteet ovat konkreettisia ja liittyv\u00e4t jokap\u00e4iv\u00e4isen el\u00e4m\u00e4n vaikeuksiin, esimerkiksi arjenhallintaan, opiskeluun ja ihmissuhteisiin.&nbsp;<br>&#8211; ADHD-valmentaja tukee aktiivisesti tavoitteiden saavuttamista, antaa palautetta suoriutumisesta ja kannustaa uusien toimintatapojen l\u00f6yt\u00e4misess\u00e4.&nbsp;<br>&#8211; Asiakkaan motivaatio vaikuttaa valmennuksen tuloksiin ja usein motivaation vahvistaminen on osa valmennusprosessia.&nbsp;<br><br><\/li>\n\n\n\n<li>Valmennuksessa sovelletaan mm. kognitiivis-behavioraalisen ja ratkaisukeskeisen terapian sek\u00e4 k\u00e4ytt\u00e4ytymisohjauksen menetelmi\u00e4 (esim. tavoitteen asettaminen, ajanhallinnan menetelm\u00e4t, p\u00e4iv\u00e4struktuurin luominen kuvalukuj\u00e4rjestyksell\u00e4, tavoite-palkkiomenetelm\u00e4t, voimavarojen hy\u00f6dynt\u00e4minen)&nbsp;<br><br><\/li>\n\n\n\n<li>Menetelmi\u00e4 voidaan k\u00e4ytt\u00e4\u00e4 my\u00f6s osana muuta k\u00e4ytt\u00e4ytymisterapeuttista hoitoa tai pedagogisia tukitoimia<\/li>\n<\/ol>\n\n\n\n<p><\/p>\n\n\n<div class=\"wp-block-image is-style-default\">\n<figure class=\"aligncenter size-large is-resized\"><a href=\"http:\/\/www.sopusointu.fi\/wordpress\/wp-content\/uploads\/2025\/02\/thumbnail_Tehtavavihko.jpg\"><img decoding=\"async\" loading=\"lazy\" src=\"http:\/\/www.sopusointu.fi\/wordpress\/wp-content\/uploads\/2025\/02\/thumbnail_Tehtavavihko-1024x724.jpg\" alt=\"\" class=\"wp-image-1110\" width=\"512\" height=\"362\" srcset=\"https:\/\/www.sopusointu.fi\/wordpress\/wp-content\/uploads\/2025\/02\/thumbnail_Tehtavavihko-1024x724.jpg 1024w, https:\/\/www.sopusointu.fi\/wordpress\/wp-content\/uploads\/2025\/02\/thumbnail_Tehtavavihko-300x212.jpg 300w, https:\/\/www.sopusointu.fi\/wordpress\/wp-content\/uploads\/2025\/02\/thumbnail_Tehtavavihko-768x543.jpg 768w, https:\/\/www.sopusointu.fi\/wordpress\/wp-content\/uploads\/2025\/02\/thumbnail_Tehtavavihko.jpg 1280w\" sizes=\"(max-width: 512px) 100vw, 512px\" \/><\/a><\/figure><\/div>\n\n\n<div style=\"height:100px\" aria-hidden=\"true\" class=\"wp-block-spacer\"><\/div>\n","protected":false},"excerpt":{"rendered":"<p>Neuropsykiatrinen (NEPSY) valmennus K\u00c4YP\u00c4 HOITO Duodecim&nbsp;<\/p>\n","protected":false},"author":1,"featured_media":0,"parent":0,"menu_order":0,"comment_status":"closed","ping_status":"closed","template":"","meta":[],"_links":{"self":[{"href":"https:\/\/www.sopusointu.fi\/wordpress\/wp-json\/wp\/v2\/pages\/1099"}],"collection":[{"href":"https:\/\/www.sopusointu.fi\/wordpress\/wp-json\/wp\/v2\/pages"}],"about":[{"href":"https:\/\/www.sopusointu.fi\/wordpress\/wp-json\/wp\/v2\/types\/page"}],"author":[{"embeddable":true,"href":"https:\/\/www.sopusointu.fi\/wordpress\/wp-json\/wp\/v2\/users\/1"}],"replies":[{"embeddable":true,"href":"https:\/\/www.sopusointu.fi\/wordpress\/wp-json\/wp\/v2\/comments?post=1099"}],"version-history":[{"count":7,"href":"https:\/\/www.sopusointu.fi\/wordpress\/wp-json\/wp\/v2\/pages\/1099\/revisions"}],"predecessor-version":[{"id":1115,"href":"https:\/\/www.sopusointu.fi\/wordpress\/wp-json\/wp\/v2\/pages\/1099\/revisions\/1115"}],"wp:attachment":[{"href":"https:\/\/www.sopusointu.fi\/wordpress\/wp-json\/wp\/v2\/media?parent=1099"}],"curies":[{"name":"wp","href":"https:\/\/api.w.org\/{rel}","templated":true}]}}